{"id":20319,"date":"2020-12-16T06:57:45","date_gmt":"2020-12-16T06:57:45","guid":{"rendered":"https:\/\/para-llevar.esment.org\/cafe-pes-de-sa-palla\/producto\/import-placeholder-for-20153\/"},"modified":"2021-10-27T13:49:35","modified_gmt":"2021-10-27T11:49:35","slug":"gato-de-almendra-mallorquina","status":"publish","type":"product","link":"https:\/\/para-llevar.esment.org\/cafe-es-pes-de-sa-palla\/producto\/gato-de-almendra-mallorquina\/","title":{"rendered":"Gat\u00f3 de almendra mallorquina"},"content":{"rendered":"","protected":false},"excerpt":{"rendered":"<p>Gat\u00f3 de almendra mallorquina (28cm, 14 raciones).<\/p>\n","protected":false},"featured_media":23695,"template":"","meta":{"_acf_changed":false,"_monsterinsights_skip_tracking":false,"_monsterinsights_sitenote_active":false,"_monsterinsights_sitenote_note":"","_monsterinsights_sitenote_category":0},"product_brand":[],"product_cat":[258],"product_tag":[209,206,167,212,210,211],"class_list":{"0":"post-20319","1":"product","2":"type-product","3":"status-publish","4":"has-post-thumbnail","6":"product_cat-postres","7":"product_tag-dulces","8":"product_tag-ensaimada","9":"product_tag-forn-pes-de-sa-palla","10":"product_tag-gato-de-almendra","11":"product_tag-pasteles","12":"product_tag-postres","14":"first","15":"instock","16":"taxable","17":"shipping-taxable","18":"purchasable","19":"product-type-simple"},"acf":[],"yoast_head":"<!-- This site is optimized with the Yoast SEO plugin v27.2 - https:\/\/yoast.com\/product\/yoast-seo-wordpress\/ -->\n<title>Gat\u00f3 de almendra mallorquina - Caf\u00e8 es pes de sa palla<\/title>\n<meta name=\"robots\" content=\"index, follow, max-snippet:-1, max-image-preview:large, max-video-preview:-1\" \/>\n<link rel=\"canonical\" href=\"https:\/\/para-llevar.esment.org\/cafe-es-pes-de-sa-palla\/producto\/gato-de-almendra-mallorquina\/\" \/>\n<meta property=\"og:locale\" content=\"en_US\" \/>\n<meta property=\"og:type\" content=\"article\" \/>\n<meta property=\"og:title\" content=\"Gat\u00f3 de almendra mallorquina - Caf\u00e8 es pes de sa palla\" \/>\n<meta property=\"og:description\" content=\"Gat\u00f3 de almendra mallorquina (28cm, 14 raciones).\" \/>\n<meta property=\"og:url\" content=\"https:\/\/para-llevar.esment.org\/cafe-es-pes-de-sa-palla\/producto\/gato-de-almendra-mallorquina\/\" \/>\n<meta property=\"og:site_name\" content=\"Caf\u00e8 es pes de sa palla\" \/>\n<meta property=\"article:publisher\" content=\"https:\/\/www.facebook.com\/esmentcomunidad\" \/>\n<meta property=\"article:modified_time\" content=\"2021-10-27T11:49:35+00:00\" \/>\n<meta property=\"og:image\" content=\"https:\/\/para-llevar.esment.org\/cafe-es-pes-de-sa-palla\/wp-content\/uploads\/sites\/7\/2020\/12\/IMG-20210923-WA0017.jpg\" \/>\n\t<meta property=\"og:image:width\" content=\"2000\" \/>\n\t<meta property=\"og:image:height\" content=\"1500\" \/>\n\t<meta property=\"og:image:type\" content=\"image\/jpeg\" \/>\n<meta name=\"twitter:card\" content=\"summary_large_image\" \/>\n<meta name=\"twitter:site\" content=\"@esmentcomunidad\" \/>\n<script type=\"application\/ld+json\" class=\"yoast-schema-graph\">{\"@context\":\"https:\/\/schema.org\",\"@graph\":[{\"@type\":\"WebPage\",\"@id\":\"https:\/\/para-llevar.esment.org\/cafe-es-pes-de-sa-palla\/producto\/gato-de-almendra-mallorquina\/\",\"url\":\"https:\/\/para-llevar.esment.org\/cafe-es-pes-de-sa-palla\/producto\/gato-de-almendra-mallorquina\/\",\"name\":\"Gat\u00f3 de almendra mallorquina - Caf\u00e8 es pes de sa palla\",\"isPartOf\":{\"@id\":\"https:\/\/para-llevar.esment.org\/cafe-es-pes-de-sa-palla\/#website\"},\"primaryImageOfPage\":{\"@id\":\"https:\/\/para-llevar.esment.org\/cafe-es-pes-de-sa-palla\/producto\/gato-de-almendra-mallorquina\/#primaryimage\"},\"image\":{\"@id\":\"https:\/\/para-llevar.esment.org\/cafe-es-pes-de-sa-palla\/producto\/gato-de-almendra-mallorquina\/#primaryimage\"},\"thumbnailUrl\":\"https:\/\/para-llevar.esment.org\/cafe-es-pes-de-sa-palla\/wp-content\/uploads\/sites\/7\/2020\/12\/IMG-20210923-WA0017.jpg\",\"datePublished\":\"2020-12-16T06:57:45+00:00\",\"dateModified\":\"2021-10-27T11:49:35+00:00\",\"breadcrumb\":{\"@id\":\"https:\/\/para-llevar.esment.org\/cafe-es-pes-de-sa-palla\/producto\/gato-de-almendra-mallorquina\/#breadcrumb\"},\"inLanguage\":\"en-US\",\"potentialAction\":[{\"@type\":\"ReadAction\",\"target\":[\"https:\/\/para-llevar.esment.org\/cafe-es-pes-de-sa-palla\/producto\/gato-de-almendra-mallorquina\/\"]}]},{\"@type\":\"ImageObject\",\"inLanguage\":\"en-US\",\"@id\":\"https:\/\/para-llevar.esment.org\/cafe-es-pes-de-sa-palla\/producto\/gato-de-almendra-mallorquina\/#primaryimage\",\"url\":\"https:\/\/para-llevar.esment.org\/cafe-es-pes-de-sa-palla\/wp-content\/uploads\/sites\/7\/2020\/12\/IMG-20210923-WA0017.jpg\",\"contentUrl\":\"https:\/\/para-llevar.esment.org\/cafe-es-pes-de-sa-palla\/wp-content\/uploads\/sites\/7\/2020\/12\/IMG-20210923-WA0017.jpg\",\"width\":2000,\"height\":1500},{\"@type\":\"BreadcrumbList\",\"@id\":\"https:\/\/para-llevar.esment.org\/cafe-es-pes-de-sa-palla\/producto\/gato-de-almendra-mallorquina\/#breadcrumb\",\"itemListElement\":[{\"@type\":\"ListItem\",\"position\":1,\"name\":\"Portada\",\"item\":\"https:\/\/para-llevar.esment.org\/cafe-es-pes-de-sa-palla\/\"},{\"@type\":\"ListItem\",\"position\":2,\"name\":\"Tienda\",\"item\":\"https:\/\/para-llevar.esment.org\/cafe-es-pes-de-sa-palla\/tienda\/\"},{\"@type\":\"ListItem\",\"position\":3,\"name\":\"Gat\u00f3 de almendra mallorquina\"}]},{\"@type\":\"WebSite\",\"@id\":\"https:\/\/para-llevar.esment.org\/cafe-es-pes-de-sa-palla\/#website\",\"url\":\"https:\/\/para-llevar.esment.org\/cafe-es-pes-de-sa-palla\/\",\"name\":\"Caf\u00e8 es pes de sa palla\",\"description\":\"Caf\u00e8 es pes de sa palla\",\"publisher\":{\"@id\":\"https:\/\/para-llevar.esment.org\/cafe-es-pes-de-sa-palla\/#organization\"},\"potentialAction\":[{\"@type\":\"SearchAction\",\"target\":{\"@type\":\"EntryPoint\",\"urlTemplate\":\"https:\/\/para-llevar.esment.org\/cafe-es-pes-de-sa-palla\/?s={search_term_string}\"},\"query-input\":{\"@type\":\"PropertyValueSpecification\",\"valueRequired\":true,\"valueName\":\"search_term_string\"}}],\"inLanguage\":\"en-US\"},{\"@type\":\"Organization\",\"@id\":\"https:\/\/para-llevar.esment.org\/cafe-es-pes-de-sa-palla\/#organization\",\"name\":\"Caf\u00e8 es pes de sa palla\",\"url\":\"https:\/\/para-llevar.esment.org\/cafe-es-pes-de-sa-palla\/\",\"logo\":{\"@type\":\"ImageObject\",\"inLanguage\":\"en-US\",\"@id\":\"https:\/\/para-llevar.esment.org\/cafe-es-pes-de-sa-palla\/#\/schema\/logo\/image\/\",\"url\":\"https:\/\/para-llevar.esment.org\/cafe-es-pes-de-sa-palla\/wp-content\/uploads\/sites\/7\/2020\/10\/logoAlimentacion.png\",\"contentUrl\":\"https:\/\/para-llevar.esment.org\/cafe-es-pes-de-sa-palla\/wp-content\/uploads\/sites\/7\/2020\/10\/logoAlimentacion.png\",\"width\":200,\"height\":50,\"caption\":\"Caf\u00e8 es pes de sa palla\"},\"image\":{\"@id\":\"https:\/\/para-llevar.esment.org\/cafe-es-pes-de-sa-palla\/#\/schema\/logo\/image\/\"},\"sameAs\":[\"https:\/\/www.facebook.com\/esmentcomunidad\",\"https:\/\/x.com\/esmentcomunidad\",\"https:\/\/www.youtube.com\/user\/amadipesment\",\"https:\/\/www.instagram.com\/esmentalimentacio\/\"]}]}<\/script>\n<!-- \/ Yoast SEO plugin. -->","yoast_head_json":{"title":"Gat\u00f3 de almendra mallorquina - Caf\u00e8 es pes de sa palla","robots":{"index":"index","follow":"follow","max-snippet":"max-snippet:-1","max-image-preview":"max-image-preview:large","max-video-preview":"max-video-preview:-1"},"canonical":"https:\/\/para-llevar.esment.org\/cafe-es-pes-de-sa-palla\/producto\/gato-de-almendra-mallorquina\/","og_locale":"en_US","og_type":"article","og_title":"Gat\u00f3 de almendra mallorquina - Caf\u00e8 es pes de sa palla","og_description":"Gat\u00f3 de almendra mallorquina (28cm, 14 raciones).","og_url":"https:\/\/para-llevar.esment.org\/cafe-es-pes-de-sa-palla\/producto\/gato-de-almendra-mallorquina\/","og_site_name":"Caf\u00e8 es pes de sa palla","article_publisher":"https:\/\/www.facebook.com\/esmentcomunidad","article_modified_time":"2021-10-27T11:49:35+00:00","og_image":[{"width":2000,"height":1500,"url":"https:\/\/para-llevar.esment.org\/cafe-es-pes-de-sa-palla\/wp-content\/uploads\/sites\/7\/2020\/12\/IMG-20210923-WA0017.jpg","type":"image\/jpeg"}],"twitter_card":"summary_large_image","twitter_site":"@esmentcomunidad","schema":{"@context":"https:\/\/schema.org","@graph":[{"@type":"WebPage","@id":"https:\/\/para-llevar.esment.org\/cafe-es-pes-de-sa-palla\/producto\/gato-de-almendra-mallorquina\/","url":"https:\/\/para-llevar.esment.org\/cafe-es-pes-de-sa-palla\/producto\/gato-de-almendra-mallorquina\/","name":"Gat\u00f3 de almendra mallorquina - Caf\u00e8 es pes de sa palla","isPartOf":{"@id":"https:\/\/para-llevar.esment.org\/cafe-es-pes-de-sa-palla\/#website"},"primaryImageOfPage":{"@id":"https:\/\/para-llevar.esment.org\/cafe-es-pes-de-sa-palla\/producto\/gato-de-almendra-mallorquina\/#primaryimage"},"image":{"@id":"https:\/\/para-llevar.esment.org\/cafe-es-pes-de-sa-palla\/producto\/gato-de-almendra-mallorquina\/#primaryimage"},"thumbnailUrl":"https:\/\/para-llevar.esment.org\/cafe-es-pes-de-sa-palla\/wp-content\/uploads\/sites\/7\/2020\/12\/IMG-20210923-WA0017.jpg","datePublished":"2020-12-16T06:57:45+00:00","dateModified":"2021-10-27T11:49:35+00:00","breadcrumb":{"@id":"https:\/\/para-llevar.esment.org\/cafe-es-pes-de-sa-palla\/producto\/gato-de-almendra-mallorquina\/#breadcrumb"},"inLanguage":"en-US","potentialAction":[{"@type":"ReadAction","target":["https:\/\/para-llevar.esment.org\/cafe-es-pes-de-sa-palla\/producto\/gato-de-almendra-mallorquina\/"]}]},{"@type":"ImageObject","inLanguage":"en-US","@id":"https:\/\/para-llevar.esment.org\/cafe-es-pes-de-sa-palla\/producto\/gato-de-almendra-mallorquina\/#primaryimage","url":"https:\/\/para-llevar.esment.org\/cafe-es-pes-de-sa-palla\/wp-content\/uploads\/sites\/7\/2020\/12\/IMG-20210923-WA0017.jpg","contentUrl":"https:\/\/para-llevar.esment.org\/cafe-es-pes-de-sa-palla\/wp-content\/uploads\/sites\/7\/2020\/12\/IMG-20210923-WA0017.jpg","width":2000,"height":1500},{"@type":"BreadcrumbList","@id":"https:\/\/para-llevar.esment.org\/cafe-es-pes-de-sa-palla\/producto\/gato-de-almendra-mallorquina\/#breadcrumb","itemListElement":[{"@type":"ListItem","position":1,"name":"Portada","item":"https:\/\/para-llevar.esment.org\/cafe-es-pes-de-sa-palla\/"},{"@type":"ListItem","position":2,"name":"Tienda","item":"https:\/\/para-llevar.esment.org\/cafe-es-pes-de-sa-palla\/tienda\/"},{"@type":"ListItem","position":3,"name":"Gat\u00f3 de almendra mallorquina"}]},{"@type":"WebSite","@id":"https:\/\/para-llevar.esment.org\/cafe-es-pes-de-sa-palla\/#website","url":"https:\/\/para-llevar.esment.org\/cafe-es-pes-de-sa-palla\/","name":"Caf\u00e8 es pes de sa palla","description":"Caf\u00e8 es pes de sa palla","publisher":{"@id":"https:\/\/para-llevar.esment.org\/cafe-es-pes-de-sa-palla\/#organization"},"potentialAction":[{"@type":"SearchAction","target":{"@type":"EntryPoint","urlTemplate":"https:\/\/para-llevar.esment.org\/cafe-es-pes-de-sa-palla\/?s={search_term_string}"},"query-input":{"@type":"PropertyValueSpecification","valueRequired":true,"valueName":"search_term_string"}}],"inLanguage":"en-US"},{"@type":"Organization","@id":"https:\/\/para-llevar.esment.org\/cafe-es-pes-de-sa-palla\/#organization","name":"Caf\u00e8 es pes de sa palla","url":"https:\/\/para-llevar.esment.org\/cafe-es-pes-de-sa-palla\/","logo":{"@type":"ImageObject","inLanguage":"en-US","@id":"https:\/\/para-llevar.esment.org\/cafe-es-pes-de-sa-palla\/#\/schema\/logo\/image\/","url":"https:\/\/para-llevar.esment.org\/cafe-es-pes-de-sa-palla\/wp-content\/uploads\/sites\/7\/2020\/10\/logoAlimentacion.png","contentUrl":"https:\/\/para-llevar.esment.org\/cafe-es-pes-de-sa-palla\/wp-content\/uploads\/sites\/7\/2020\/10\/logoAlimentacion.png","width":200,"height":50,"caption":"Caf\u00e8 es pes de sa palla"},"image":{"@id":"https:\/\/para-llevar.esment.org\/cafe-es-pes-de-sa-palla\/#\/schema\/logo\/image\/"},"sameAs":["https:\/\/www.facebook.com\/esmentcomunidad","https:\/\/x.com\/esmentcomunidad","https:\/\/www.youtube.com\/user\/amadipesment","https:\/\/www.instagram.com\/esmentalimentacio\/"]}]}},"jetpack_sharing_enabled":true,"_links":{"self":[{"href":"https:\/\/para-llevar.esment.org\/cafe-es-pes-de-sa-palla\/wp-json\/wp\/v2\/product\/20319","targetHints":{"allow":["GET"]}}],"collection":[{"href":"https:\/\/para-llevar.esment.org\/cafe-es-pes-de-sa-palla\/wp-json\/wp\/v2\/product"}],"about":[{"href":"https:\/\/para-llevar.esment.org\/cafe-es-pes-de-sa-palla\/wp-json\/wp\/v2\/types\/product"}],"wp:featuredmedia":[{"embeddable":true,"href":"https:\/\/para-llevar.esment.org\/cafe-es-pes-de-sa-palla\/wp-json\/wp\/v2\/media\/23695"}],"wp:attachment":[{"href":"https:\/\/para-llevar.esment.org\/cafe-es-pes-de-sa-palla\/wp-json\/wp\/v2\/media?parent=20319"}],"wp:term":[{"taxonomy":"product_brand","embeddable":true,"href":"https:\/\/para-llevar.esment.org\/cafe-es-pes-de-sa-palla\/wp-json\/wp\/v2\/product_brand?post=20319"},{"taxonomy":"product_cat","embeddable":true,"href":"https:\/\/para-llevar.esment.org\/cafe-es-pes-de-sa-palla\/wp-json\/wp\/v2\/product_cat?post=20319"},{"taxonomy":"product_tag","embeddable":true,"href":"https:\/\/para-llevar.esment.org\/cafe-es-pes-de-sa-palla\/wp-json\/wp\/v2\/product_tag?post=20319"}],"curies":[{"name":"wp","href":"https:\/\/api.w.org\/{rel}","templated":true}]}}